{"id":55,"date":"2025-03-24T18:05:17","date_gmt":"2025-03-24T17:05:17","guid":{"rendered":"https:\/\/lepointbare.ovh\/?page_id=55"},"modified":"2025-03-24T18:09:35","modified_gmt":"2025-03-24T17:09:35","slug":"les-paroles","status":"publish","type":"page","link":"https:\/\/lepointbare.ovh\/index.php\/les-paroles\/","title":{"rendered":"Les Paroles"},"content":{"rendered":"\n<div class=\"wp-block-columns is-layout-flex wp-container-core-columns-is-layout-9d6595d7 wp-block-columns-is-layout-flex\">\n<div class=\"wp-block-column is-layout-flow wp-block-column-is-layout-flow\">\n<h1 class=\"wp-block-heading\" id=\"h.mg07m6rb73z4_l\">S\u0152URS (femme, vie, libert\u00e9)<\/h1>\n\n\n\n<p>Une fille n\u2019\u00e9tait rien pour un homme kurde<\/p>\n\n\n\n<p>mais moi je suis tout et je suis libre<\/p>\n\n\n\n<p>Maison des femmes Akad\u00e9mi libertaire<\/p>\n\n\n\n<p>crachent aux visages de leurs tortionnaires<\/p>\n\n\n\n<p>Une fille n\u2019\u00e9tait rien pour un homme kurde<\/p>\n\n\n\n<p>mais moi je suis tout et je suis libre<\/p>\n\n\n\n<p>Conf\u00e9d\u00e9ralisme! Jin\u00e9ologie du Rojava!<\/p>\n\n\n\n<p>(refrain X2)<\/p>\n\n\n\n<p>Sakine Fidan Leyla<\/p>\n\n\n\n<p>Les combattantes \/ ne meurent jamais!<\/p>\n\n\n\n<p>Nous ne reconnaissons plus aucune<\/p>\n\n\n\n<p>aucune autorit\u00e9 masculine<\/p>\n\n\n\n<p>R\u00e9\u00e9ducation des Fous de dieu<\/p>\n\n\n\n<p>des maqueraux des mysogines<\/p>\n\n\n\n<p>Nous ne reconnaissons plus aucune<\/p>\n\n\n\n<p>aucune autorit\u00e9 masculine<\/p>\n\n\n\n<p>Mujeres libres! Internationnales d\u2019Espagne!<\/p>\n\n\n\n<p>(refrain X2)<\/p>\n\n\n\n<p>T\u00e9r\u00e9sa Nassrim Concha<\/p>\n\n\n\n<p>Les combattantes \/ ne meurent jamais!<\/p>\n\n\n\n<p>Nous, nous n\u2019aimons pas les armes<\/p>\n\n\n\n<p>nous aimons la terre la libert\u00e9<\/p>\n\n\n\n<p>Comment tuer le m\u00e2le dominant<\/p>\n\n\n\n<p>et cette bestiale mentalit\u00e9<\/p>\n\n\n\n<p>Nous, nous n\u2019aimons pas les armes<\/p>\n\n\n\n<p>nous aimons la terre la libert\u00e9<\/p>\n\n\n\n<p>Communeuses! de Goula\u00ef Pouli\u00e9 \u00e0 Paris!<\/p>\n\n\n\n<p>(refrain X2)<\/p>\n\n\n\n<p>Louise H\u00ealin Maroussia<\/p>\n\n\n\n<p>Les combattantes \/ ne meurent jamais!<\/p>\n\n\n\n<p>Sororit\u00e9 en avant garde<\/p>\n\n\n\n<p>avant garde de notre humanit\u00e9<\/p>\n\n\n\n<p>Seules les commandantes \u00e9mancip\u00e9es<\/p>\n\n\n\n<p>Ont lib\u00e9r\u00e9 Koban\u00e9<\/p>\n\n\n\n<p>Sororit\u00e9 en avant garde<\/p>\n\n\n\n<p>avant garde de notre humanit\u00e9<\/p>\n\n\n\n<p>Atamansha! M\u00e8res du monde entier!<\/p>\n\n\n\n<p>(refrain)<\/p>\n\n\n\n<p>Kendall Apo Murray<\/p>\n\n\n\n<p>Les combattantes ne meurent jamais!<\/p>\n\n\n\n<p>Jin Jiyan Azadi!<\/p>\n\n\n\n<p>femmes, vie libert\u00e9!<\/p>\n<\/div>\n\n\n\n<div class=\"wp-block-column is-layout-flow wp-block-column-is-layout-flow\">\n<h1 class=\"wp-block-heading\" id=\"h.mg07m6rb73z4_l\">Une Main<\/h1>\n\n\n\n<p>&#8230;<\/p>\n<\/div>\n<\/div>\n\n\n\n<p><\/p>\n","protected":false},"excerpt":{"rendered":"<p>S\u0152URS (femme, vie, libert\u00e9) Une fille n\u2019\u00e9tait rien pour un homme kurde mais moi je suis tout et je suis libre Maison des femmes Akad\u00e9mi libertaire crachent aux visages de leurs tortionnaires Une fille n\u2019\u00e9tait rien pour un homme kurde &hellip; <a href=\"https:\/\/lepointbare.ovh\/index.php\/les-paroles\/\">Continuer la lecture <span class=\"meta-nav\">&rarr;<\/span><\/a><\/p>\n","protected":false},"author":1,"featured_media":0,"parent":0,"menu_order":0,"comment_status":"closed","ping_status":"closed","template":"","meta":{"footnotes":""},"class_list":["post-55","page","type-page","status-publish","hentry"],"_links":{"self":[{"href":"https:\/\/lepointbare.ovh\/index.php\/wp-json\/wp\/v2\/pages\/55","targetHints":{"allow":["GET"]}}],"collection":[{"href":"https:\/\/lepointbare.ovh\/index.php\/wp-json\/wp\/v2\/pages"}],"about":[{"href":"https:\/\/lepointbare.ovh\/index.php\/wp-json\/wp\/v2\/types\/page"}],"author":[{"embeddable":true,"href":"https:\/\/lepointbare.ovh\/index.php\/wp-json\/wp\/v2\/users\/1"}],"replies":[{"embeddable":true,"href":"https:\/\/lepointbare.ovh\/index.php\/wp-json\/wp\/v2\/comments?post=55"}],"version-history":[{"count":2,"href":"https:\/\/lepointbare.ovh\/index.php\/wp-json\/wp\/v2\/pages\/55\/revisions"}],"predecessor-version":[{"id":58,"href":"https:\/\/lepointbare.ovh\/index.php\/wp-json\/wp\/v2\/pages\/55\/revisions\/58"}],"wp:attachment":[{"href":"https:\/\/lepointbare.ovh\/index.php\/wp-json\/wp\/v2\/media?parent=55"}],"curies":[{"name":"wp","href":"https:\/\/api.w.org\/{rel}","templated":true}]}}