{"id":22,"date":"2025-03-22T17:03:47","date_gmt":"2025-03-22T16:03:47","guid":{"rendered":"http:\/\/lepointbare.ovh\/?page_id=22"},"modified":"2025-11-01T11:46:22","modified_gmt":"2025-11-01T10:46:22","slug":"les-singles","status":"publish","type":"page","link":"https:\/\/lepointbare.ovh\/index.php\/les-singles\/","title":{"rendered":"Les SINGLES de \u00ab\u00a0Le \u2022 Bare\u00a0\u00bb"},"content":{"rendered":"\n<div class=\"wp-block-columns is-layout-flex wp-container-core-columns-is-layout-9d6595d7 wp-block-columns-is-layout-flex\">\n<div class=\"wp-block-column is-layout-flow wp-block-column-is-layout-flow\" style=\"flex-basis:33.33%\">\n<figure class=\"wp-block-image size-large\"><img loading=\"lazy\" decoding=\"async\" width=\"1024\" height=\"1018\" src=\"https:\/\/lepointbare.ovh\/wp-content\/uploads\/2025\/03\/CD-soeurs-2-1024x1018.png\" alt=\"\" class=\"wp-image-41\" srcset=\"https:\/\/lepointbare.ovh\/wp-content\/uploads\/2025\/03\/CD-soeurs-2-1024x1018.png 1024w, https:\/\/lepointbare.ovh\/wp-content\/uploads\/2025\/03\/CD-soeurs-2-300x298.png 300w, https:\/\/lepointbare.ovh\/wp-content\/uploads\/2025\/03\/CD-soeurs-2-150x150.png 150w, https:\/\/lepointbare.ovh\/wp-content\/uploads\/2025\/03\/CD-soeurs-2-768x763.png 768w, https:\/\/lepointbare.ovh\/wp-content\/uploads\/2025\/03\/CD-soeurs-2-302x300.png 302w, https:\/\/lepointbare.ovh\/wp-content\/uploads\/2025\/03\/CD-soeurs-2.png 1500w\" sizes=\"auto, (max-width: 1024px) 100vw, 1024px\" \/><\/figure>\n<\/div>\n\n\n\n<div class=\"wp-block-column is-layout-flow wp-block-column-is-layout-flow\" style=\"flex-basis:66.66%\">\n<h1 class=\"wp-block-heading\" id=\"h.8rxbmeiuqto_l\"><strong>Premier single : S\u0153urs<\/strong><\/h1>\n\n\n\n<p><strong>Le 9 janvier 2013<\/strong>, \u00e0 Paris, 3 femmes activistes Kurdes sont l\u00e2chement assassin\u00e9es.<\/p>\n\n\n\n<p>Ce drame perp\u00e9tue, malheureusement, tous ceux commis depuis le commencement de l&rsquo;histoire \u00e9dict\u00e9e par l&rsquo;homme contre le f\u00e9minisme, la libert\u00e9, l&rsquo;amour de toutes choses.<\/p>\n\n\n\n<p>Puisque, selon Albert Camus \u00ab\u00a0toute parole est r\u00e9volte\u00a0\u00bb, en s&rsquo;inspirant ou reprenant, les mots, les phrases, les t\u00e9moignages, les slogans de ces femmes \u00e9mancip\u00e9es, l&rsquo;auteur a \u00e9crit des couplets pour \u00e0 la fois rassembler et exprimer les paroles de toutes les femmes qui font \u0153uvre, non pas d&rsquo;histoire&rsquo; mais de justice et de raison. Un internationalisme, une \u00e9cologie sociale, un monde, au f\u00e9minin. La Jin\u00e9ologie.<\/p>\n\n\n\n<p>Quant aux refrains, pas de martyres, des combattantes unanimes de la vie et pour la vie, uniquement cr\u00e9atrices de toutes formes de vies (a contrario de l&rsquo;Homme destructeur).<\/p>\n\n\n\n<p><em>En s&rsquo;accordant avec une composition musicale originale aux tempo entrem\u00eal\u00e9s de calme et de vivacit\u00e9, telle une inspiration f\u00e9minine, ce texte ne rend pas hommages \u00e0 ces femmes, il chante leur volont\u00e9 de puissance et leur vertu immanente qui ne peut \u00eatre que le salut de l&rsquo;humanit\u00e9.<\/em><\/p>\n\n\n\n<p><em>\u00ab\u00a0Nous sommes une moiti\u00e9 de l&rsquo;humanit\u00e9; nous combattons avec tous les opprim\u00e9s et nous garderons notre part de l&rsquo;\u00e9galit\u00e9 qui est la seule justice.\u00a0\u00bb Louise Michel.<\/em><\/p>\n\n\n\n<p><em>\u00ab\u00a0L&rsquo;utopie, ici et maintenant\u00a0\u00bb Sakine Cansiz.<\/em><\/p>\n\n\n\n<p id=\"h.c9p4bw1fk4p2\"><strong>Ecouter&nbsp;<\/strong><\/p>\n\n\n\n<p>Sur&nbsp;<a href=\"https:\/\/open.spotify.com\/album\/2RIQELoKHwY74TypBCwhil?si=_pdLcxUYQWy_pKeILwJ01g\" target=\"_blank\" rel=\"noreferrer noopener\">SPOTIFY<\/a>&nbsp;,&nbsp;<a href=\"https:\/\/www.deezer.com\/fr\/album\/430504837\" target=\"_blank\" rel=\"noreferrer noopener\">DEEZER<\/a><em>,&nbsp;<\/em>autres plateformes, mots cl\u00e9s : \u00ab\u00a0soeurs le.bare\u00a0\u00bb&nbsp;<\/p>\n\n\n\n<p id=\"h.flo12ar8o5r3\"><strong>Regarder<\/strong><\/p>\n\n\n\n<p>Le&nbsp;<a href=\"https:\/\/youtu.be\/f1_Hn-uqfNs\" target=\"_blank\" rel=\"noreferrer noopener\">CLIP VIDEO<\/a>&nbsp;cr\u00e9\u00e9 par Elian sur la musique de s\u0153urs. A regarder et partager sans limite, merci et bravo Elian !!!<\/p>\n<\/div>\n<\/div>\n\n\n\n<div class=\"wp-block-columns is-layout-flex wp-container-core-columns-is-layout-9d6595d7 wp-block-columns-is-layout-flex\">\n<div class=\"wp-block-column is-layout-flow wp-block-column-is-layout-flow\" style=\"flex-basis:66.66%\">\n<h1 class=\"wp-block-heading\" id=\"h.bzjugcjjzr4l_l\"><strong>Num\u00e9ro deux : Come Peter<\/strong><\/h1>\n\n\n\n<p><em>C&rsquo;est un petit morceau \u00e9lectro, sans pr\u00e9tentions, inspir\u00e9 par l&rsquo;exp\u00e9rience quotidienne du travail sur ordinateur de Pierre-Guy.&nbsp;<\/em><\/p>\n\n\n\n<p><em>Ici, pas de paroles, juste une ambiance &#8230;&nbsp;<\/em><\/p>\n\n\n\n<p><em>On y retrouve les sensations de plaisir et de d\u00e9testation que l&rsquo;on \u00e9prouve lors de journ\u00e9es de travail sur un clavier qui n&rsquo;est malheureusement pas un piano !<\/em><\/p>\n\n\n\n<p id=\"h.c9p4bw1fk4p2\"><strong>Ecouter :<\/strong><\/p>\n\n\n\n<ul class=\"wp-block-list\">\n<li><em>Youtube :&nbsp;<\/em><a href=\"https:\/\/www.youtube.com\/watch?v=eWZTv3NfcEs\" target=\"_blank\" rel=\"noreferrer noopener\">https:\/\/www.youtube.com\/watch?v=eWZTv3NfcEs<\/a>&nbsp;<\/li>\n\n\n\n<li><em>Deezer :&nbsp;<\/em><a href=\"https:\/\/deezer.page.link\/knuPho4fBaC29F7t7\" target=\"_blank\" rel=\"noreferrer noopener\">https:\/\/deezer.page.link\/knuPho4fBaC29F7t7<\/a>&nbsp;<\/li>\n\n\n\n<li>Autres plateformes : rechercher \u00ab\u00a0come peter le.bare\u00a0\u00bb (vu qu&rsquo;on est des petits nouveaux, souvent c&rsquo;est difficile \u00e0 trouver &#8230;)<\/li>\n<\/ul>\n<\/div>\n\n\n\n<div class=\"wp-block-column is-layout-flow wp-block-column-is-layout-flow\" style=\"flex-basis:33.33%\">\n<figure class=\"wp-block-image size-large\"><img loading=\"lazy\" decoding=\"async\" width=\"1024\" height=\"1024\" src=\"https:\/\/lepointbare.ovh\/wp-content\/uploads\/2025\/03\/jaquette5-1024x1024.jpg\" alt=\"\" class=\"wp-image-44\" srcset=\"https:\/\/lepointbare.ovh\/wp-content\/uploads\/2025\/03\/jaquette5-1024x1024.jpg 1024w, https:\/\/lepointbare.ovh\/wp-content\/uploads\/2025\/03\/jaquette5-300x300.jpg 300w, https:\/\/lepointbare.ovh\/wp-content\/uploads\/2025\/03\/jaquette5-150x150.jpg 150w, https:\/\/lepointbare.ovh\/wp-content\/uploads\/2025\/03\/jaquette5-768x768.jpg 768w, https:\/\/lepointbare.ovh\/wp-content\/uploads\/2025\/03\/jaquette5-1536x1536.jpg 1536w, https:\/\/lepointbare.ovh\/wp-content\/uploads\/2025\/03\/jaquette5-2048x2048.jpg 2048w\" sizes=\"auto, (max-width: 1024px) 100vw, 1024px\" \/><\/figure>\n<\/div>\n<\/div>\n\n\n\n<hr class=\"wp-block-separator has-alpha-channel-opacity is-style-wide\"\/>\n\n\n\n<div class=\"wp-block-columns is-layout-flex wp-container-core-columns-is-layout-9d6595d7 wp-block-columns-is-layout-flex\">\n<div class=\"wp-block-column is-layout-flow wp-block-column-is-layout-flow\" style=\"flex-basis:33.33%\">\n<figure class=\"wp-block-image size-large\"><img loading=\"lazy\" decoding=\"async\" width=\"1024\" height=\"1024\" src=\"https:\/\/lepointbare.ovh\/wp-content\/uploads\/2025\/03\/une_main-1024x1024.png\" alt=\"\" class=\"wp-image-46\" srcset=\"https:\/\/lepointbare.ovh\/wp-content\/uploads\/2025\/03\/une_main-1024x1024.png 1024w, https:\/\/lepointbare.ovh\/wp-content\/uploads\/2025\/03\/une_main-300x300.png 300w, https:\/\/lepointbare.ovh\/wp-content\/uploads\/2025\/03\/une_main-150x150.png 150w, https:\/\/lepointbare.ovh\/wp-content\/uploads\/2025\/03\/une_main-768x768.png 768w, https:\/\/lepointbare.ovh\/wp-content\/uploads\/2025\/03\/une_main-1536x1536.png 1536w, https:\/\/lepointbare.ovh\/wp-content\/uploads\/2025\/03\/une_main.png 2000w\" sizes=\"auto, (max-width: 1024px) 100vw, 1024px\" \/><\/figure>\n<\/div>\n\n\n\n<div class=\"wp-block-column is-layout-flow wp-block-column-is-layout-flow\" style=\"flex-basis:66.66%\">\n<h1 class=\"wp-block-heading\" id=\"h.81bj4ri1fj04_l\">Et de trois : <strong>Une Main<\/strong><\/h1>\n\n\n\n<p><em>Dans le monde actuel \u00ab\u00a0une main tendue\u00a0\u00bb, n&rsquo;est ce pas ce que l&rsquo;on peut souhaiter de mieux pour vivre ensemble sur notre plan\u00e8te.<\/em><\/p>\n\n\n\n<p><em>Merci \u00e0 Lise pour cette belle jaquette, \u00e0 \u00c9lian et \u00e0 Christophe pour leurs conseils de mixage.&nbsp;<\/em><\/p>\n\n\n\n<p id=\"h.c9p4bw1fk4p2\"><strong>Ecouter :<\/strong><\/p>\n\n\n\n<ul class=\"wp-block-list\">\n<li><em>Youtube :&nbsp;<\/em><a href=\"https:\/\/youtu.be\/Zw4Vaf_ur-c?si=-t0pTxXo5Ovn7OAN\" target=\"_blank\" rel=\"noreferrer noopener\">https:\/\/youtu.be\/Zw4Vaf_ur-c?si=-t0pTxXo5Ovn7OAN<\/a>&nbsp;<\/li>\n\n\n\n<li><em>Spotify :&nbsp;<\/em><a href=\"https:\/\/open.spotify.com\/intl-fr\/album\/7eIu5eLhfYkznnwKIUZIL1?si=KPr3_qQmRxeELZUvSczbpQ\" target=\"_blank\" rel=\"noreferrer noopener\"><em>https:\/\/open.spotify.com\/intl-fr\/album\/7eIu5eLhfYkznnwKIUZIL1?si=KPr3_qQmRxeELZUvSczbpQ<\/em><\/a><em>&nbsp;<\/em><\/li>\n\n\n\n<li><em>Deezer :&nbsp;<\/em><a href=\"https:\/\/deezer.page.link\/qY9eaWNXeTv9f6vaA\" target=\"_blank\" rel=\"noreferrer noopener\">https:\/\/deezer.page.link\/qY9eaWNXeTv9f6vaA<\/a>&nbsp;<\/li>\n\n\n\n<li>Autres plateformes : rechercher \u00ab\u00a0le.bare une main\u00a0\u00bb (vu qu&rsquo;on est des petits nouveaux, souvent c&rsquo;est difficile \u00e0 trouver &#8230;)<\/li>\n<\/ul>\n\n\n\n<p>Pour \u00e9couter les compos d&rsquo;\u00c9lian :&nbsp;<a href=\"https:\/\/open.spotify.com\/intl-fr\/artist\/318ydNLIdyuFeBhKQjZKPv?si=va6RB0gNQkGJzKh5W1kbIA\" target=\"_blank\" rel=\"noreferrer noopener\"><em>https:\/\/open.spotify.com\/intl-fr\/artist\/318ydNLIdyuFeBhKQjZKPv?si=va6RB0gNQkGJzKh5W1kbIA<\/em><\/a><\/p>\n<\/div>\n<\/div>\n\n\n\n<hr class=\"wp-block-separator has-alpha-channel-opacity is-style-wide\"\/>\n\n\n\n<div class=\"wp-block-columns is-layout-flex wp-container-core-columns-is-layout-9d6595d7 wp-block-columns-is-layout-flex\">\n<div class=\"wp-block-column is-layout-flow wp-block-column-is-layout-flow\" style=\"flex-basis:66.66%\">\n<p><strong>Quatri\u00e8me single : Criminels<\/strong><\/p>\n\n\n\n<p><em>Le sujet vous le d\u00e9couvrirez en l&rsquo;\u00e9coutant.<\/em><\/p>\n\n\n\n<p><em>Petit jeu bonus gr\u00e2ce \u00e0 Lise qui a con\u00e7u et r\u00e9alis\u00e9 la jaquette : essayez de retrouver de quel logo d&rsquo;entreprise sont issues les lettres du titre.<\/em><\/p>\n\n\n\n<p id=\"h.c9p4bw1fk4p2\"><strong>Ecouter :<\/strong><\/p>\n\n\n\n<p>&#8211; Autres plateformes : chercher \u00ab\u00a0Criminels le.bare\u00a0\u00bb&nbsp;<\/p>\n\n\n\n<p>&#8211; Deezer :<a href=\"https:\/\/deezer.page.link\/tar4kQikQTgB6pgx9\" target=\"_blank\" rel=\"noreferrer noopener\">&nbsp;https:\/\/deezer.page.link\/tar4kQikQTgB6pgx9<\/a><\/p>\n\n\n\n<p>&#8211; Spotitfy :<a href=\"https:\/\/open.spotify.com\/intl-fr\/track\/2cLVgYPlK5gn53DzsvDKqR?si=c6972d149e2744ff\" target=\"_blank\" rel=\"noreferrer noopener\">&nbsp;https:\/\/open.spotify.com\/intl-fr\/track\/2cLVgYPlK5gn53DzsvDKqR?si=c6972d149e2744ff<\/a><\/p>\n\n\n\n<p>&#8211; Youtube :<a href=\"https:\/\/youtu.be\/JJ41cO812Cw?feature=shared\" target=\"_blank\" rel=\"noreferrer noopener\">&nbsp;https:\/\/youtu.be\/JJ41cO812Cw?feature=shared<\/a><\/p>\n<\/div>\n\n\n\n<div class=\"wp-block-column is-layout-flow wp-block-column-is-layout-flow\" style=\"flex-basis:33.33%\">\n<figure class=\"wp-block-image size-large\"><img loading=\"lazy\" decoding=\"async\" width=\"1024\" height=\"1024\" src=\"https:\/\/lepointbare.ovh\/wp-content\/uploads\/2025\/03\/Criminels-1024x1024.png\" alt=\"\" class=\"wp-image-37\" srcset=\"https:\/\/lepointbare.ovh\/wp-content\/uploads\/2025\/03\/Criminels-1024x1024.png 1024w, https:\/\/lepointbare.ovh\/wp-content\/uploads\/2025\/03\/Criminels-300x300.png 300w, https:\/\/lepointbare.ovh\/wp-content\/uploads\/2025\/03\/Criminels-150x150.png 150w, https:\/\/lepointbare.ovh\/wp-content\/uploads\/2025\/03\/Criminels-768x768.png 768w, https:\/\/lepointbare.ovh\/wp-content\/uploads\/2025\/03\/Criminels-1536x1536.png 1536w, https:\/\/lepointbare.ovh\/wp-content\/uploads\/2025\/03\/Criminels-2048x2048.png 2048w\" sizes=\"auto, (max-width: 1024px) 100vw, 1024px\" \/><\/figure>\n<\/div>\n<\/div>\n\n\n\n<p><em>&nbsp;&nbsp;<\/em><\/p>\n","protected":false},"excerpt":{"rendered":"<p>Premier single : S\u0153urs Le 9 janvier 2013, \u00e0 Paris, 3 femmes activistes Kurdes sont l\u00e2chement assassin\u00e9es. Ce drame perp\u00e9tue, malheureusement, tous ceux commis depuis le commencement de l&rsquo;histoire \u00e9dict\u00e9e par l&rsquo;homme contre le f\u00e9minisme, la libert\u00e9, l&rsquo;amour de toutes &hellip; <a href=\"https:\/\/lepointbare.ovh\/index.php\/les-singles\/\">Continuer la lecture <span class=\"meta-nav\">&rarr;<\/span><\/a><\/p>\n","protected":false},"author":1,"featured_media":0,"parent":0,"menu_order":0,"comment_status":"closed","ping_status":"closed","template":"","meta":{"footnotes":""},"class_list":["post-22","page","type-page","status-publish","hentry"],"_links":{"self":[{"href":"https:\/\/lepointbare.ovh\/index.php\/wp-json\/wp\/v2\/pages\/22","targetHints":{"allow":["GET"]}}],"collection":[{"href":"https:\/\/lepointbare.ovh\/index.php\/wp-json\/wp\/v2\/pages"}],"about":[{"href":"https:\/\/lepointbare.ovh\/index.php\/wp-json\/wp\/v2\/types\/page"}],"author":[{"embeddable":true,"href":"https:\/\/lepointbare.ovh\/index.php\/wp-json\/wp\/v2\/users\/1"}],"replies":[{"embeddable":true,"href":"https:\/\/lepointbare.ovh\/index.php\/wp-json\/wp\/v2\/comments?post=22"}],"version-history":[{"count":9,"href":"https:\/\/lepointbare.ovh\/index.php\/wp-json\/wp\/v2\/pages\/22\/revisions"}],"predecessor-version":[{"id":68,"href":"https:\/\/lepointbare.ovh\/index.php\/wp-json\/wp\/v2\/pages\/22\/revisions\/68"}],"wp:attachment":[{"href":"https:\/\/lepointbare.ovh\/index.php\/wp-json\/wp\/v2\/media?parent=22"}],"curies":[{"name":"wp","href":"https:\/\/api.w.org\/{rel}","templated":true}]}}